{"id":8171,"date":"2026-05-08T09:37:23","date_gmt":"2026-05-08T09:37:23","guid":{"rendered":"https:\/\/mlodepokolenie.pl\/?page_id=8171"},"modified":"2026-05-08T10:07:51","modified_gmt":"2026-05-08T10:07:51","slug":"przyjazna-szkola","status":"publish","type":"page","link":"https:\/\/mlodepokolenie.pl\/en\/przyjazna-szkola\/","title":{"rendered":"Przyjazna Szko\u0142a"},"content":{"rendered":"<style>\n.mp-finansowanie *{\n  box-sizing:border-box;\n}\n\n.mp-finansowanie{\n  font-family:'Montserrat',-apple-system,BlinkMacSystemFont,'Segoe UI',Roboto,Helvetica,Arial,sans-serif;\n  color:#494B51;\n  line-height:1.7;\n  font-size:17px;\n  background:#ffffff;\n  padding:0;\n  margin:0;\n  overflow:hidden;\n}\n\n\/* LOGOTYPY \/ FLAGI NA BIA\u0141YM TLE *\/\n.mp-finansowanie .mp-funding-banner-wrap{\n  background:#ffffff;\n  padding:28px 24px 24px;\n  text-align:center;\n}\n\n.mp-finansowanie .funding-banner{\n  display:block;\n  max-width:920px;\n  width:100%;\n  height:auto;\n  margin:0 auto;\n  background:#ffffff;\n}\n\n\/* HERO *\/\n.mp-finansowanie .mp-hero{\n  background:linear-gradient(135deg,#073666 0%,#0a4a8a 100%);\n  color:#fff;\n  padding:70px 24px 90px;\n  text-align:center;\n  position:relative;\n  border-radius:0 0 40px 40px;\n  overflow:hidden;\n}\n\n.mp-finansowanie .mp-hero::before{\n  content:\"\";\n  position:absolute;\n  inset:0;\n  background:\n    radial-gradient(circle at 80% 20%,rgba(248,101,50,0.18),transparent 55%),\n    radial-gradient(circle at 10% 90%,rgba(255,255,255,0.08),transparent 50%);\n  pointer-events:none;\n}\n\n.mp-finansowanie .mp-hero .mp-eyebrow{\n  display:inline-block;\n  font-size:14px;\n  font-weight:600;\n  letter-spacing:3px;\n  text-transform:uppercase;\n  color:#F86532;\n  background:rgba(255,255,255,0.08);\n  border:1px solid rgba(248,101,50,0.6);\n  padding:8px 20px;\n  border-radius:999px;\n  margin-bottom:22px;\n  position:relative;\n  z-index:1;\n}\n\n.mp-finansowanie .mp-hero h1{\n  font-size:48px;\n  font-weight:800;\n  margin:0 0 14px;\n  color:#fff;\n  letter-spacing:1px;\n  position:relative;\n  z-index:1;\n}\n\n.mp-finansowanie .mp-hero h2{\n  font-size:22px;\n  font-weight:500;\n  margin:0 auto;\n  color:#e6f0fb;\n  max-width:880px;\n  position:relative;\n  z-index:1;\n  line-height:1.5;\n}\n\n\/* CONTENT *\/\n.mp-finansowanie .mp-content{\n  max-width:1080px;\n  margin:-50px auto 0;\n  padding:0 24px 60px;\n  position:relative;\n  z-index:2;\n  background:#ffffff;\n}\n\n.mp-finansowanie .mp-card{\n  background:#fff;\n  border-radius:24px;\n  box-shadow:0 20px 60px rgba(7,54,102,0.10);\n  padding:48px 48px 40px;\n  margin-bottom:32px;\n  border-top:6px solid #F86532;\n}\n\n.mp-finansowanie .mp-section-title{\n  display:inline-block;\n  font-size:15px;\n  font-weight:700;\n  letter-spacing:2px;\n  text-transform:uppercase;\n  color:#F86532;\n  border:2px solid #F86532;\n  padding:10px 26px;\n  border-radius:999px;\n  margin-bottom:22px;\n}\n\n.mp-finansowanie .mp-card h3{\n  color:#073666;\n  font-size:26px;\n  font-weight:700;\n  margin:0 0 16px;\n  line-height:1.3;\n}\n\n.mp-finansowanie .mp-card p{\n  margin:0 0 16px;\n}\n\n.mp-finansowanie .mp-card ul{\n  list-style:none;\n  padding:0;\n  margin:0 0 16px;\n}\n\n.mp-finansowanie .mp-card ul li{\n  position:relative;\n  padding:10px 0 10px 34px;\n  border-bottom:1px solid #eef3f8;\n}\n\n.mp-finansowanie .mp-card ul li:last-child{\n  border-bottom:none;\n}\n\n.mp-finansowanie .mp-card ul li::before{\n  content:\"\";\n  position:absolute;\n  left:0;\n  top:18px;\n  width:18px;\n  height:18px;\n  border-radius:50%;\n  background:#F86532;\n  box-shadow:0 0 0 4px rgba(248,101,50,0.18);\n}\n\n\/* SUPPORT BOXES *\/\n.mp-finansowanie .mp-support{\n  background:#f3fbff;\n  border-radius:24px;\n  padding:36px 40px;\n  margin-bottom:32px;\n}\n\n.mp-finansowanie .mp-support h4{\n  color:#073666;\n  font-size:20px;\n  font-weight:700;\n  margin:0 0 10px;\n}\n\n.mp-finansowanie .mp-support h4 .mp-tag{\n  display:inline-block;\n  background:#073666;\n  color:#fff;\n  font-size:13px;\n  font-weight:600;\n  letter-spacing:1px;\n  padding:4px 12px;\n  border-radius:999px;\n  margin-right:10px;\n  vertical-align:middle;\n  text-transform:uppercase;\n}\n\n\/* FIGURES *\/\n.mp-finansowanie .mp-figures{\n  display:grid;\n  grid-template-columns:1fr 1fr;\n  gap:24px;\n  margin-top:10px;\n  background:#ffffff;\n}\n\n.mp-finansowanie .mp-figure{\n  background:linear-gradient(135deg,#073666 0%,#0a4a8a 100%);\n  color:#fff;\n  border-radius:20px;\n  padding:32px 28px;\n  text-align:center;\n  box-shadow:0 14px 40px rgba(7,54,102,0.18);\n}\n\n.mp-finansowanie .mp-figure .mp-figure-label{\n  font-size:13px;\n  font-weight:600;\n  letter-spacing:2px;\n  text-transform:uppercase;\n  color:#F86532;\n  margin-bottom:10px;\n}\n\n.mp-finansowanie .mp-figure .mp-figure-value{\n  font-size:30px;\n  font-weight:800;\n  color:#fff;\n  line-height:1.2;\n}\n\n\/* BIA\u0141Y D\u00d3\u0141 + LINK *\/\n.mp-finansowanie .mp-bottom-link{\n  background:#ffffff;\n  text-align:center;\n  padding:0 24px 70px;\n  margin:0;\n}\n\n.mp-finansowanie .mp-bottom-link a{\n  display:inline-flex;\n  align-items:center;\n  justify-content:center;\n  color:#073666;\n  font-size:16px;\n  font-weight:700;\n  text-decoration:none;\n  border:2px solid #073666;\n  border-radius:999px;\n  padding:12px 28px;\n  transition:all .2s ease;\n}\n\n.mp-finansowanie .mp-bottom-link a:hover{\n  background:#073666;\n  color:#ffffff;\n}\n\n\/* MOBILE *\/\n@media (max-width:760px){\n  .mp-finansowanie{\n    font-size:16px;\n  }\n\n  .mp-finansowanie .mp-funding-banner-wrap{\n    padding:22px 18px 20px;\n  }\n\n  .mp-finansowanie .mp-hero{\n    padding:50px 18px 70px;\n    border-radius:0 0 28px 28px;\n  }\n\n  .mp-finansowanie .mp-hero h1{\n    font-size:32px;\n  }\n\n  .mp-finansowanie .mp-hero h2{\n    font-size:17px;\n  }\n\n  .mp-finansowanie .mp-content{\n    margin:-40px auto 0;\n    padding:0 18px 44px;\n  }\n\n  .mp-finansowanie .mp-card{\n    padding:30px 22px;\n  }\n\n  .mp-finansowanie .mp-support{\n    padding:26px 20px;\n  }\n\n  .mp-finansowanie .mp-support h4{\n    font-size:18px;\n  }\n\n  .mp-finansowanie .mp-figures{\n    grid-template-columns:1fr;\n  }\n\n  .mp-finansowanie .mp-figure .mp-figure-value{\n    font-size:24px;\n  }\n\n  .mp-finansowanie .mp-bottom-link{\n    padding:0 18px 50px;\n  }\n}\n<\/style>\n\n<section class=\"mp-finansowanie\">\n\n  <div class=\"mp-funding-banner-wrap\">\n    <img decoding=\"async\" \n      src=\"\/wp-content\/uploads\/2026\/05\/contain-1500-1500-max-fers-poziom-kolor-e1768326527553-1-1.png\" \n      alt=\"Fundusze Europejskie \u00b7 Rzeczpospolita Polska \u00b7 Dofinansowane przez Uni\u0119 Europejsk\u0105\" \n      class=\"funding-banner\"\n    >\n  <\/div>\n\n  <div class=\"mp-hero\">\n    <span class=\"mp-eyebrow\">Finansowanie<\/span>\n    <h1>\u201ePrzyjazna szko\u0142a\u201d<\/h1>\n    <h2>Rz\u0105dowy program wyr\u00f3wnywania szans edukacyjnych dzieci i m\u0142odzie\u017cy \u201ePrzyjazna szko\u0142a\u201d w latach 2025\u20132027<\/h2>\n  <\/div>\n\n  <div class=\"mp-content\">\n\n    <div class=\"mp-card\">\n      <span class=\"mp-section-title\">Grupa docelowa<\/span>\n      <p>Program jest skierowany do szk\u00f3\u0142, w kt\u00f3rych pobieraj\u0105 nauk\u0119 uczniowie i uczennice z Ukrainy, kt\u00f3rzy spe\u0142niaj\u0105 warunki okre\u015blone w Programie.<\/p>\n      <p>Realizacja Programu wspiera funkcjonowanie ca\u0142ej spo\u0142eczno\u015bci szkolnej, w tym dzieci i m\u0142odzie\u017cy z do\u015bwiadczeniem migracji lub uchod\u017astwa z kraj\u00f3w innych ni\u017c Ukraina, kt\u00f3re pobieraj\u0105 nauk\u0119 w polskich szko\u0142ach, ich polskich r\u00f3wie\u015bnik\u00f3w, rodzic\u00f3w i opiekun\u00f3w oraz nauczycieli.<\/p>\n    <\/div>\n\n    <div class=\"mp-card\">\n      <span class=\"mp-section-title\">Cel programu<\/span>\n      <p>G\u0142\u00f3wnym celem Programu jest wsparcie szk\u00f3\u0142, w kt\u00f3rych pobieraj\u0105 nauk\u0119 uczniowie i uczennice z Ukrainy, poprzez stworzenie warunk\u00f3w, w kt\u00f3rych ca\u0142e spo\u0142eczno\u015bci szkolne czuj\u0105 si\u0119 bezpiecznie, a dzieci i m\u0142odzie\u017c mog\u0105 budowa\u0107 przyjazne relacje r\u00f3wie\u015bnicze oraz rozwija\u0107 swoj\u0105 wiedz\u0119, umiej\u0119tno\u015bci i kompetencje.<\/p>\n    <\/div>\n\n    <div class=\"mp-card\">\n      <span class=\"mp-section-title\">Zakres wsparcia<\/span>\n\n      <div class=\"mp-support\">\n        <h4><span class=\"mp-tag\">1<\/span>\u201ePomoc asystenta\u201d<\/h4>\n        <p>Dofinansowanie zatrudnienia asystent\u00f3w, o kt\u00f3rych mowa w art. 165 ust. 8a ustawy Prawo o\u015bwiatowe. Asystent m.in. diagnozuje etapy szoku kulturowego i bariery adaptacji i integracji oraz podejmuje dzia\u0142ania maj\u0105ce na celu przystosowanie si\u0119 ucznia do nowych reali\u00f3w, funkcjonuj\u0105cych w polskich szko\u0142ach oraz umo\u017cliwienie mu w dalszej kolejno\u015bci wyr\u00f3wnanie szans edukacyjnych na tle ca\u0142ej spo\u0142eczno\u015bci szkolnej.<\/p>\n      <\/div>\n\n      <div class=\"mp-support\">\n        <h4><span class=\"mp-tag\">2<\/span>\u201eDobrostan spo\u0142eczno\u015bci szkolnej\u201d<\/h4>\n        <p>kt\u00f3rego celem jest realizacja r\u00f3\u017cnorodnych form wsparcia na rzecz dobrostanu spo\u0142eczno\u015bci szkolnej, w tym:<\/p>\n        <ul>\n          <li>wsparcie dla uczni\u00f3w \u2013 konsultacje specjalistyczne, specjalistyczna pomoc psychologiczna, doradztwo zawodowe,<\/li>\n          <li>wsparcie rodzic\u00f3w lub opiekun\u00f3w uczni\u00f3w i uczennic z do\u015bwiadczeniem migracji lub uchod\u017astwa w rozwi\u0105zywaniu problem\u00f3w wychowawczych i dydaktycznych oraz rozwijaniu ich umiej\u0119tno\u015bci wychowawczych,<\/li>\n          <li>wsparcie kadr systemu o\u015bwiaty w rozwi\u0105zywaniu problem\u00f3w wychowawczych, dydaktycznych i opieku\u0144czych.<\/li>\n        <\/ul>\n      <\/div>\n\n      <div class=\"mp-support\">\n        <h4><span class=\"mp-tag\">3<\/span>\u201eDoskonalenie kadr systemu o\u015bwiaty\u201d<\/h4>\n        <p>kt\u00f3rego celem jest doskonalenie i podniesienie kompetencji zawodowych kadr systemu o\u015bwiaty, m.in. poprzez szkolenia kadry systemu o\u015bwiaty w zakresie:<\/p>\n        <ul>\n          <li>wsparcia edukacyjnego wynikaj\u0105cego z do\u015bwiadczenia migracji lub uchod\u017astwa,<\/li>\n          <li>pracy z oddzia\u0142em i w zespo\u0142ach klasowych, do kt\u00f3rych ucz\u0119szczaj\u0105 uczniowie z do\u015bwiadczeniem migracji lub uchod\u017astwa,<\/li>\n          <li>wspierania w\u0142\u0105czenia uczni\u00f3w i uczennic,<\/li>\n          <li>wsparcia indywidualnego uczni\u00f3w i uczennic.<\/li>\n        <\/ul>\n      <\/div>\n    <\/div>\n\n    <div class=\"mp-figures\">\n      <div class=\"mp-figure\">\n        <div class=\"mp-figure-label\">Warto\u015b\u0107 wsparcia<\/div>\n        <div class=\"mp-figure-value\">499 903 491,80 z\u0142<\/div>\n      <\/div>\n\n      <div class=\"mp-figure\">\n        <div class=\"mp-figure-label\">Wk\u0142ad funduszy europejskich<\/div>\n        <div class=\"mp-figure-value\">412 513 516,80 z\u0142<\/div>\n      <\/div>\n    <\/div>\n\n  <\/div>\n\n  <div class=\"mp-bottom-link\">\n    <a href=\"https:\/\/3mamydobrostan.pl\/\" target=\"_blank\" rel=\"noopener\">\n      Learn more\n    <\/a>\n  <\/div>\n\n<\/section>","protected":false},"excerpt":{"rendered":"<p>Finansowanie \u201ePrzyjazna szko\u0142a\u201d Rz\u0105dowy program wyr\u00f3wnywania szans edukacyjnych dzieci i m\u0142odzie\u017cy \u201ePrzyjazna szko\u0142a\u201d w latach 2025\u20132027 Grupa docelowa Program jest skierowany do szk\u00f3\u0142, w kt\u00f3rych pobieraj\u0105 nauk\u0119 uczniowie i uczennice z Ukrainy, kt\u00f3rzy spe\u0142niaj\u0105 warunki okre\u015blone w Programie. Realizacja Programu wspiera funkcjonowanie ca\u0142ej spo\u0142eczno\u015bci szkolnej, w tym dzieci i m\u0142odzie\u017cy z do\u015bwiadczeniem migracji lub uchod\u017astwa z kraj\u00f3w innych ni\u017c Ukraina, kt\u00f3re pobieraj\u0105 nauk\u0119 w polskich szko\u0142ach, ich polskich r\u00f3wie\u015bnik\u00f3w, rodzic\u00f3w i opiekun\u00f3w oraz nauczycieli. Cel programu G\u0142\u00f3wnym celem Programu jest wsparcie szk\u00f3\u0142, w kt\u00f3rych pobieraj\u0105 nauk\u0119 uczniowie i uczennice z Ukrainy, poprzez stworzenie warunk\u00f3w, w kt\u00f3rych ca\u0142e spo\u0142eczno\u015bci szkolne czuj\u0105 si\u0119 bezpiecznie, a dzieci i m\u0142odzie\u017c mog\u0105 budowa\u0107 przyjazne relacje r\u00f3wie\u015bnicze oraz rozwija\u0107 swoj\u0105 wiedz\u0119, umiej\u0119tno\u015bci i kompetencje. Zakres wsparcia 1\u201ePomoc asystenta\u201d Dofinansowanie zatrudnienia asystent\u00f3w, o kt\u00f3rych mowa w art. 165 ust. 8a ustawy Prawo o\u015bwiatowe. Asystent m.in. diagnozuje etapy szoku kulturowego i bariery adaptacji i integracji oraz podejmuje dzia\u0142ania maj\u0105ce na celu przystosowanie si\u0119 ucznia do nowych reali\u00f3w, funkcjonuj\u0105cych w polskich szko\u0142ach oraz umo\u017cliwienie mu w dalszej kolejno\u015bci wyr\u00f3wnanie szans edukacyjnych na tle ca\u0142ej spo\u0142eczno\u015bci szkolnej. 2\u201eDobrostan spo\u0142eczno\u015bci szkolnej\u201d kt\u00f3rego celem jest realizacja r\u00f3\u017cnorodnych form wsparcia na rzecz dobrostanu spo\u0142eczno\u015bci szkolnej, w tym: wsparcie dla uczni\u00f3w \u2013 konsultacje specjalistyczne, specjalistyczna pomoc psychologiczna, doradztwo zawodowe, wsparcie rodzic\u00f3w lub opiekun\u00f3w uczni\u00f3w i uczennic z do\u015bwiadczeniem migracji lub uchod\u017astwa w rozwi\u0105zywaniu problem\u00f3w wychowawczych i dydaktycznych oraz rozwijaniu ich umiej\u0119tno\u015bci wychowawczych, wsparcie kadr systemu o\u015bwiaty w rozwi\u0105zywaniu problem\u00f3w wychowawczych, dydaktycznych i opieku\u0144czych. 3\u201eDoskonalenie kadr systemu o\u015bwiaty\u201d kt\u00f3rego celem jest doskonalenie i podniesienie kompetencji zawodowych kadr systemu o\u015bwiaty, m.in. poprzez szkolenia kadry systemu o\u015bwiaty w zakresie: wsparcia edukacyjnego wynikaj\u0105cego z do\u015bwiadczenia migracji lub uchod\u017astwa, pracy z oddzia\u0142em i w zespo\u0142ach klasowych, do kt\u00f3rych ucz\u0119szczaj\u0105 uczniowie z do\u015bwiadczeniem migracji lub uchod\u017astwa, wspierania w\u0142\u0105czenia uczni\u00f3w i uczennic, wsparcia indywidualnego uczni\u00f3w i uczennic. Warto\u015b\u0107 wsparcia 499 903 491,80 z\u0142 Wk\u0142ad funduszy europejskich 412 513 516,80 z\u0142 Dowiedz si\u0119 wi\u0119cej<\/p>","protected":false},"author":7,"featured_media":0,"parent":0,"menu_order":0,"comment_status":"closed","ping_status":"closed","template":"","meta":{"site-sidebar-layout":"default","site-content-layout":"","ast-site-content-layout":"default","site-content-style":"default","site-sidebar-style":"default","ast-global-header-display":"","ast-banner-title-visibility":"","ast-main-header-display":"","ast-hfb-above-header-display":"","ast-hfb-below-header-display":"","ast-hfb-mobile-header-display":"","site-post-title":"","ast-breadcrumbs-content":"","ast-featured-img":"","footer-sml-layout":"","ast-disable-related-posts":"","theme-transparent-header-meta":"","adv-header-id-meta":"","stick-header-meta":"","header-above-stick-meta":"","header-main-stick-meta":"","header-below-stick-meta":"","astra-migrate-meta-layouts":"set","ast-page-background-enabled":"default","ast-page-background-meta":{"desktop":{"background-color":"var(--ast-global-color-4)","background-image":"","background-repeat":"repeat","background-position":"center center","background-size":"auto","background-attachment":"scroll","background-type":"","background-media":"","overlay-type":"","overlay-color":"","overlay-opacity":"","overlay-gradient":""},"tablet":{"background-color":"","background-image":"","background-repeat":"repeat","background-position":"center center","background-size":"auto","background-attachment":"scroll","background-type":"","background-media":"","overlay-type":"","overlay-color":"","overlay-opacity":"","overlay-gradient":""},"mobile":{"background-color":"","background-image":"","background-repeat":"repeat","background-position":"center center","background-size":"auto","background-attachment":"scroll","background-type":"","background-media":"","overlay-type":"","overlay-color":"","overlay-opacity":"","overlay-gradient":""}},"ast-content-background-meta":{"desktop":{"background-color":"var(--ast-global-color-5)","background-image":"","background-repeat":"repeat","background-position":"center center","background-size":"auto","background-attachment":"scroll","background-type":"","background-media":"","overlay-type":"","overlay-color":"","overlay-opacity":"","overlay-gradient":""},"tablet":{"background-color":"var(--ast-global-color-5)","background-image":"","background-repeat":"repeat","background-position":"center center","background-size":"auto","background-attachment":"scroll","background-type":"","background-media":"","overlay-type":"","overlay-color":"","overlay-opacity":"","overlay-gradient":""},"mobile":{"background-color":"var(--ast-global-color-5)","background-image":"","background-repeat":"repeat","background-position":"center center","background-size":"auto","background-attachment":"scroll","background-type":"","background-media":"","overlay-type":"","overlay-color":"","overlay-opacity":"","overlay-gradient":""}},"footnotes":""},"class_list":["post-8171","page","type-page","status-publish","hentry"],"_links":{"self":[{"href":"https:\/\/mlodepokolenie.pl\/en\/wp-json\/wp\/v2\/pages\/8171","targetHints":{"allow":["GET"]}}],"collection":[{"href":"https:\/\/mlodepokolenie.pl\/en\/wp-json\/wp\/v2\/pages"}],"about":[{"href":"https:\/\/mlodepokolenie.pl\/en\/wp-json\/wp\/v2\/types\/page"}],"author":[{"embeddable":true,"href":"https:\/\/mlodepokolenie.pl\/en\/wp-json\/wp\/v2\/users\/7"}],"replies":[{"embeddable":true,"href":"https:\/\/mlodepokolenie.pl\/en\/wp-json\/wp\/v2\/comments?post=8171"}],"version-history":[{"count":6,"href":"https:\/\/mlodepokolenie.pl\/en\/wp-json\/wp\/v2\/pages\/8171\/revisions"}],"predecessor-version":[{"id":8183,"href":"https:\/\/mlodepokolenie.pl\/en\/wp-json\/wp\/v2\/pages\/8171\/revisions\/8183"}],"wp:attachment":[{"href":"https:\/\/mlodepokolenie.pl\/en\/wp-json\/wp\/v2\/media?parent=8171"}],"curies":[{"name":"wp","href":"https:\/\/api.w.org\/{rel}","templated":true}]}}