{"id":2970,"date":"2024-04-19T15:09:53","date_gmt":"2024-04-19T15:09:53","guid":{"rendered":"https:\/\/mlodepokolenie.pl\/?page_id=2970"},"modified":"2024-04-19T15:12:16","modified_gmt":"2024-04-19T15:12:16","slug":"regulamin-platnosci","status":"publish","type":"page","link":"https:\/\/mlodepokolenie.pl\/en\/regulamin-platnosci\/","title":{"rendered":"Payment Regulations"},"content":{"rendered":"\t\t<div data-elementor-type=\"wp-page\" data-elementor-id=\"2970\" class=\"elementor elementor-2970\" data-elementor-post-type=\"page\">\n\t\t\t\t<div class=\"elementor-element elementor-element-05685ce e-flex e-con-boxed wpr-particle-no wpr-jarallax-no wpr-parallax-no wpr-sticky-section-no e-con e-parent\" data-id=\"05685ce\" data-element_type=\"container\">\n\t\t\t\t\t<div class=\"e-con-inner\">\n\t\t\t\t<div class=\"elementor-element elementor-element-ac173c0 elementor-widget elementor-widget-heading\" data-id=\"ac173c0\" data-element_type=\"widget\" data-widget_type=\"heading.default\">\n\t\t\t\t<div class=\"elementor-widget-container\">\n\t\t\t<style>\/*! elementor - v3.23.0 - 23-07-2024 *\/\n.elementor-heading-title{padding:0;margin:0;line-height:1}.elementor-widget-heading .elementor-heading-title[class*=elementor-size-]>a{color:inherit;font-size:inherit;line-height:inherit}.elementor-widget-heading .elementor-heading-title.elementor-size-small{font-size:15px}.elementor-widget-heading .elementor-heading-title.elementor-size-medium{font-size:19px}.elementor-widget-heading .elementor-heading-title.elementor-size-large{font-size:29px}.elementor-widget-heading .elementor-heading-title.elementor-size-xl{font-size:39px}.elementor-widget-heading .elementor-heading-title.elementor-size-xxl{font-size:59px}<\/style><h2 class=\"elementor-heading-title elementor-size-default\">Regulamin p\u0142atno\u015bci<\/h2>\t\t<\/div>\n\t\t\t\t<\/div>\n\t\t\t\t<div class=\"elementor-element elementor-element-4539486 elementor-widget elementor-widget-text-editor\" data-id=\"4539486\" data-element_type=\"widget\" data-widget_type=\"text-editor.default\">\n\t\t\t\t<div class=\"elementor-widget-container\">\n\t\t\t<style>\/*! elementor - v3.23.0 - 23-07-2024 *\/\n.elementor-widget-text-editor.elementor-drop-cap-view-stacked .elementor-drop-cap{background-color:#69727d;color:#fff}.elementor-widget-text-editor.elementor-drop-cap-view-framed .elementor-drop-cap{color:#69727d;border:3px solid;background-color:transparent}.elementor-widget-text-editor:not(.elementor-drop-cap-view-default) .elementor-drop-cap{margin-top:8px}.elementor-widget-text-editor:not(.elementor-drop-cap-view-default) .elementor-drop-cap-letter{width:1em;height:1em}.elementor-widget-text-editor .elementor-drop-cap{float:left;text-align:center;line-height:1;font-size:50px}.elementor-widget-text-editor .elementor-drop-cap-letter{display:inline-block}<\/style>\t\t\t\t<p>Strona internetowa mo\u017ce udost\u0119pnia\u0107 p\u0142atno\u015bci elektroniczne. Dost\u0119pne formy p\u0142atno\u015bci to:<\/p><p>a. Karty p\u0142atnicze: Visa, Visa Electron, MasterCard, MasterCard Electronic, Maestro<br \/>b. P\u0142atno\u015bci online<br \/>c. P\u0142atno\u015bci mobilne BLIK<\/p>\t\t\t\t\t\t<\/div>\n\t\t\t\t<\/div>\n\t\t\t\t<div class=\"elementor-element elementor-element-20fd4ac elementor-widget elementor-widget-image\" data-id=\"20fd4ac\" data-element_type=\"widget\" data-widget_type=\"image.default\">\n\t\t\t\t<div class=\"elementor-widget-container\">\n\t\t\t<style>\/*! elementor - v3.23.0 - 23-07-2024 *\/\n.elementor-widget-image{text-align:center}.elementor-widget-image a{display:inline-block}.elementor-widget-image a img[src$=\".svg\"]{width:48px}.elementor-widget-image img{vertical-align:middle;display:inline-block}<\/style>\t\t\t\t\t\t\t\t\t\t<img fetchpriority=\"high\" decoding=\"async\" width=\"768\" height=\"90\" src=\"https:\/\/mlodepokolenie.pl\/wp-content\/uploads\/2024\/04\/ffsfsfs.png\" class=\"attachment-large size-large wp-image-2972\" alt=\"\" srcset=\"https:\/\/mlodepokolenie.pl\/wp-content\/uploads\/2024\/04\/ffsfsfs.png 768w, https:\/\/mlodepokolenie.pl\/wp-content\/uploads\/2024\/04\/ffsfsfs-300x35.png 300w\" sizes=\"(max-width: 768px) 100vw, 768px\" \/>\t\t\t\t\t\t\t\t\t\t\t\t\t<\/div>\n\t\t\t\t<\/div>\n\t\t\t\t<div class=\"elementor-element elementor-element-19a2786 elementor-widget elementor-widget-text-editor\" data-id=\"19a2786\" data-element_type=\"widget\" data-widget_type=\"text-editor.default\">\n\t\t\t\t<div class=\"elementor-widget-container\">\n\t\t\t\t\t\t\t<p>Podmiotem \u015bwiadcz\u0105cym obs\u0142ug\u0119 p\u0142atno\u015bci online drog\u0105 elektroniczn\u0105 jest Krajowy Integrator P\u0142atno\u015bci S.A.<\/p><p>W przypadku wyst\u0105pienia konieczno\u015b\u0107 zwrotu \u015brodk\u00f3w za transakcj\u0119 dokonan\u0105 przez wp\u0142acaj\u0105cego kart\u0105 p\u0142atnicz\u0105 przyjmuj\u0105cy wp\u0142at\u0119 dokonana zwrotu na rachunek bankowy przypisany do karty p\u0142atniczej Wp\u0142acaj\u0105cego.<\/p>\t\t\t\t\t\t<\/div>\n\t\t\t\t<\/div>\n\t\t\t\t\t<\/div>\n\t\t\t\t<\/div>\n\t\t\t\t<\/div>\n\t\t","protected":false},"excerpt":{"rendered":"<p>Regulamin p\u0142atno\u015bci Strona internetowa mo\u017ce udost\u0119pnia\u0107 p\u0142atno\u015bci elektroniczne. Dost\u0119pne formy p\u0142atno\u015bci to: a. Karty p\u0142atnicze: Visa, Visa Electron, MasterCard, MasterCard Electronic, Maestrob. P\u0142atno\u015bci onlinec. P\u0142atno\u015bci mobilne BLIK Podmiotem \u015bwiadcz\u0105cym obs\u0142ug\u0119 p\u0142atno\u015bci online drog\u0105 elektroniczn\u0105 jest Krajowy Integrator P\u0142atno\u015bci S.A. W przypadku wyst\u0105pienia konieczno\u015b\u0107 zwrotu \u015brodk\u00f3w za transakcj\u0119 dokonan\u0105 przez wp\u0142acaj\u0105cego kart\u0105 p\u0142atnicz\u0105 przyjmuj\u0105cy wp\u0142at\u0119 dokonana zwrotu na rachunek bankowy przypisany do karty p\u0142atniczej Wp\u0142acaj\u0105cego.<\/p>","protected":false},"author":1,"featured_media":0,"parent":0,"menu_order":0,"comment_status":"closed","ping_status":"closed","template":"","meta":{"site-sidebar-layout":"no-sidebar","site-content-layout":"page-builder","ast-site-content-layout":"default","site-content-style":"default","site-sidebar-style":"default","ast-global-header-display":"","ast-banner-title-visibility":"","ast-main-header-display":"","ast-hfb-above-header-display":"","ast-hfb-below-header-display":"","ast-hfb-mobile-header-display":"","site-post-title":"disabled","ast-breadcrumbs-content":"","ast-featured-img":"disabled","footer-sml-layout":"","ast-disable-related-posts":"","theme-transparent-header-meta":"","adv-header-id-meta":"","stick-header-meta":"","header-above-stick-meta":"","header-main-stick-meta":"","header-below-stick-meta":"","astra-migrate-meta-layouts":"default","ast-page-background-enabled":"default","ast-page-background-meta":{"desktop":{"background-color":"var(--ast-global-color-4)","background-image":"","background-repeat":"repeat","background-position":"center center","background-size":"auto","background-attachment":"scroll","background-type":"","background-media":"","overlay-type":"","overlay-color":"","overlay-opacity":"","overlay-gradient":""},"tablet":{"background-color":"","background-image":"","background-repeat":"repeat","background-position":"center center","background-size":"auto","background-attachment":"scroll","background-type":"","background-media":"","overlay-type":"","overlay-color":"","overlay-opacity":"","overlay-gradient":""},"mobile":{"background-color":"","background-image":"","background-repeat":"repeat","background-position":"center center","background-size":"auto","background-attachment":"scroll","background-type":"","background-media":"","overlay-type":"","overlay-color":"","overlay-opacity":"","overlay-gradient":""}},"ast-content-background-meta":{"desktop":{"background-color":"var(--ast-global-color-5)","background-image":"","background-repeat":"repeat","background-position":"center center","background-size":"auto","background-attachment":"scroll","background-type":"","background-media":"","overlay-type":"","overlay-color":"","overlay-opacity":"","overlay-gradient":""},"tablet":{"background-color":"var(--ast-global-color-5)","background-image":"","background-repeat":"repeat","background-position":"center center","background-size":"auto","background-attachment":"scroll","background-type":"","background-media":"","overlay-type":"","overlay-color":"","overlay-opacity":"","overlay-gradient":""},"mobile":{"background-color":"var(--ast-global-color-5)","background-image":"","background-repeat":"repeat","background-position":"center center","background-size":"auto","background-attachment":"scroll","background-type":"","background-media":"","overlay-type":"","overlay-color":"","overlay-opacity":"","overlay-gradient":""}},"footnotes":""},"class_list":["post-2970","page","type-page","status-publish","hentry"],"_links":{"self":[{"href":"https:\/\/mlodepokolenie.pl\/en\/wp-json\/wp\/v2\/pages\/2970","targetHints":{"allow":["GET"]}}],"collection":[{"href":"https:\/\/mlodepokolenie.pl\/en\/wp-json\/wp\/v2\/pages"}],"about":[{"href":"https:\/\/mlodepokolenie.pl\/en\/wp-json\/wp\/v2\/types\/page"}],"author":[{"embeddable":true,"href":"https:\/\/mlodepokolenie.pl\/en\/wp-json\/wp\/v2\/users\/1"}],"replies":[{"embeddable":true,"href":"https:\/\/mlodepokolenie.pl\/en\/wp-json\/wp\/v2\/comments?post=2970"}],"version-history":[{"count":7,"href":"https:\/\/mlodepokolenie.pl\/en\/wp-json\/wp\/v2\/pages\/2970\/revisions"}],"predecessor-version":[{"id":2978,"href":"https:\/\/mlodepokolenie.pl\/en\/wp-json\/wp\/v2\/pages\/2970\/revisions\/2978"}],"wp:attachment":[{"href":"https:\/\/mlodepokolenie.pl\/en\/wp-json\/wp\/v2\/media?parent=2970"}],"curies":[{"name":"wp","href":"https:\/\/api.w.org\/{rel}","templated":true}]}}