{"id":2627,"date":"2023-09-20T09:16:39","date_gmt":"2023-09-20T09:16:39","guid":{"rendered":"https:\/\/mlodepokolenie.pl\/?page_id=2627"},"modified":"2026-04-09T08:55:14","modified_gmt":"2026-04-09T08:55:14","slug":"wesprzyj-nas","status":"publish","type":"page","link":"https:\/\/mlodepokolenie.pl\/en\/wesprzyj-nas\/","title":{"rendered":"Support Us"},"content":{"rendered":"\t\t<div data-elementor-type=\"wp-page\" data-elementor-id=\"2627\" class=\"elementor elementor-2627\" data-elementor-post-type=\"page\">\n\t\t\t\t<div class=\"elementor-element elementor-element-b21d485 e-flex e-con-boxed wpr-particle-no wpr-jarallax-no wpr-parallax-no wpr-sticky-section-no e-con e-parent\" data-id=\"b21d485\" data-element_type=\"container\">\n\t\t\t\t\t<div class=\"e-con-inner\">\n\t\t<div class=\"elementor-element elementor-element-728e46c e-con-full e-flex wpr-particle-no wpr-jarallax-no wpr-parallax-no wpr-sticky-section-no e-con e-child\" data-id=\"728e46c\" data-element_type=\"container\">\n\t\t\t\t<div class=\"elementor-element elementor-element-db1ab14 elementor-widget elementor-widget-heading\" data-id=\"db1ab14\" data-element_type=\"widget\" data-widget_type=\"heading.default\">\n\t\t\t\t<div class=\"elementor-widget-container\">\n\t\t\t<style>\/*! elementor - v3.23.0 - 23-07-2024 *\/\n.elementor-heading-title{padding:0;margin:0;line-height:1}.elementor-widget-heading .elementor-heading-title[class*=elementor-size-]>a{color:inherit;font-size:inherit;line-height:inherit}.elementor-widget-heading .elementor-heading-title.elementor-size-small{font-size:15px}.elementor-widget-heading .elementor-heading-title.elementor-size-medium{font-size:19px}.elementor-widget-heading .elementor-heading-title.elementor-size-large{font-size:29px}.elementor-widget-heading .elementor-heading-title.elementor-size-xl{font-size:39px}.elementor-widget-heading .elementor-heading-title.elementor-size-xxl{font-size:59px}<\/style><h1 class=\"elementor-heading-title elementor-size-default\">Wesprzyj nas<\/h1>\t\t<\/div>\n\t\t\t\t<\/div>\n\t\t\t\t<div class=\"elementor-element elementor-element-f7eb860 elementor-widget elementor-widget-text-editor\" data-id=\"f7eb860\" data-element_type=\"widget\" data-widget_type=\"text-editor.default\">\n\t\t\t\t<div class=\"elementor-widget-container\">\n\t\t\t<style>\/*! elementor - v3.23.0 - 23-07-2024 *\/\n.elementor-widget-text-editor.elementor-drop-cap-view-stacked .elementor-drop-cap{background-color:#69727d;color:#fff}.elementor-widget-text-editor.elementor-drop-cap-view-framed .elementor-drop-cap{color:#69727d;border:3px solid;background-color:transparent}.elementor-widget-text-editor:not(.elementor-drop-cap-view-default) .elementor-drop-cap{margin-top:8px}.elementor-widget-text-editor:not(.elementor-drop-cap-view-default) .elementor-drop-cap-letter{width:1em;height:1em}.elementor-widget-text-editor .elementor-drop-cap{float:left;text-align:center;line-height:1;font-size:50px}.elementor-widget-text-editor .elementor-drop-cap-letter{display:inline-block}<\/style>\t\t\t\tRazem z nami pomagaj polskiej m\u0142odzie\u017cy i\u00a0wsp\u00f3lnie tw\u00f3rzmy nowoczesne spo\u0142ecze\u0144stwo \u2013 pe\u0142ne pasji, rado\u015bci \u017cycia i&nbsp;wolne od uzale\u017cnie\u0144.\t\t\t\t\t\t<\/div>\n\t\t\t\t<\/div>\n\t\t\t\t<div class=\"elementor-element elementor-element-24b40cf elementor-widget elementor-widget-text-editor\" data-id=\"24b40cf\" data-element_type=\"widget\" data-widget_type=\"text-editor.default\">\n\t\t\t\t<div class=\"elementor-widget-container\">\n\t\t\t\t\t\t\t<p><strong style=\"font-style: inherit; text-align: var(--text-align); background-color: var(--ast-global-color-5); color: var(--ast-global-color-3); font-family: var( --e-global-typography-text-font-family ), Sans-serif;\">Wesprzyj nas za pomoc\u0105 szybkiej, prostej i\u00a0bezpiecznej darowizny internetowej.\u00a0<\/strong><\/p>\t\t\t\t\t\t<\/div>\n\t\t\t\t<\/div>\n\t\t\t\t<div class=\"elementor-element elementor-element-e3907c0 elementor-widget elementor-widget-image\" data-id=\"e3907c0\" data-element_type=\"widget\" data-widget_type=\"image.default\">\n\t\t\t\t<div class=\"elementor-widget-container\">\n\t\t\t<style>\/*! elementor - v3.23.0 - 23-07-2024 *\/\n.elementor-widget-image{text-align:center}.elementor-widget-image a{display:inline-block}.elementor-widget-image a img[src$=\".svg\"]{width:48px}.elementor-widget-image img{vertical-align:middle;display:inline-block}<\/style>\t\t\t\t\t\t\t\t\t\t\t<a href=\"https:\/\/fsmm.pl\/partner\/fundacja-rozwoju-mlodego-pokolenia\/\" target=\"_blank\">\n\t\t\t\t\t\t\t<img fetchpriority=\"high\" decoding=\"async\" width=\"1080\" height=\"1440\" src=\"https:\/\/mlodepokolenie.pl\/wp-content\/uploads\/2026\/04\/1080x1440-1.png\" class=\"attachment-full size-full wp-image-8027\" alt=\"\" srcset=\"https:\/\/mlodepokolenie.pl\/wp-content\/uploads\/2026\/04\/1080x1440-1.png 1080w, https:\/\/mlodepokolenie.pl\/wp-content\/uploads\/2026\/04\/1080x1440-1-225x300.png 225w, https:\/\/mlodepokolenie.pl\/wp-content\/uploads\/2026\/04\/1080x1440-1-768x1024.png 768w, https:\/\/mlodepokolenie.pl\/wp-content\/uploads\/2026\/04\/1080x1440-1-9x12.png 9w\" sizes=\"(max-width: 1080px) 100vw, 1080px\" \/>\t\t\t\t\t\t\t\t<\/a>\n\t\t\t\t\t\t\t\t\t\t\t\t\t<\/div>\n\t\t\t\t<\/div>\n\t\t\t\t<\/div>\n\t\t\t\t\t<\/div>\n\t\t\t\t<\/div>\n\t\t<div class=\"elementor-element elementor-element-1c228cc e-flex e-con-boxed wpr-particle-no wpr-jarallax-no wpr-parallax-no wpr-sticky-section-no e-con e-parent\" data-id=\"1c228cc\" data-element_type=\"container\" data-settings=\"{&quot;background_background&quot;:&quot;gradient&quot;}\">\n\t\t\t\t\t<div class=\"e-con-inner\">\n\t\t<div class=\"elementor-element elementor-element-7ea6fa9 e-con-full e-flex wpr-particle-no wpr-jarallax-no wpr-parallax-no wpr-sticky-section-no e-con e-child\" data-id=\"7ea6fa9\" data-element_type=\"container\">\n\t\t\t\t<div class=\"elementor-element elementor-element-18ac4aa elementor-widget elementor-widget-text-editor\" data-id=\"18ac4aa\" data-element_type=\"widget\" data-widget_type=\"text-editor.default\">\n\t\t\t\t<div class=\"elementor-widget-container\">\n\t\t\t\t\t\t\t<p><b>1. Przelew internetowy<\/b><\/p>\t\t\t\t\t\t<\/div>\n\t\t\t\t<\/div>\n\t\t\t\t<div class=\"elementor-element elementor-element-b7f714d elementor-widget__width-initial elementor-widget-tablet__width-inherit elementor-widget-mobile__width-inherit elementor-widget elementor-widget-html\" data-id=\"b7f714d\" data-element_type=\"widget\" data-widget_type=\"html.default\">\n\t\t\t\t<div class=\"elementor-widget-container\">\n\t\t\t<div id=\"fanipay-widget\"><\/div>\n<script async type=\"text\/javascript\" src=\"https:\/\/widget2.fanimani.pl\/jmWb3bLvDbDBFucWcidzSj.js\"><\/script>\t\t<\/div>\n\t\t\t\t<\/div>\n\t\t\t\t<\/div>\n\t\t<div class=\"elementor-element elementor-element-6d15c39 e-con-full e-flex wpr-particle-no wpr-jarallax-no wpr-parallax-no wpr-sticky-section-no e-con e-child\" data-id=\"6d15c39\" data-element_type=\"container\">\n\t\t\t\t<div class=\"elementor-element elementor-element-70c4ccd elementor-widget elementor-widget-spacer\" data-id=\"70c4ccd\" data-element_type=\"widget\" data-widget_type=\"spacer.default\">\n\t\t\t\t<div class=\"elementor-widget-container\">\n\t\t\t<style>\/*! elementor - v3.23.0 - 23-07-2024 *\/\n.elementor-column .elementor-spacer-inner{height:var(--spacer-size)}.e-con{--container-widget-width:100%}.e-con-inner>.elementor-widget-spacer,.e-con>.elementor-widget-spacer{width:var(--container-widget-width,var(--spacer-size));--align-self:var(--container-widget-align-self,initial);--flex-shrink:0}.e-con-inner>.elementor-widget-spacer>.elementor-widget-container,.e-con>.elementor-widget-spacer>.elementor-widget-container{height:100%;width:100%}.e-con-inner>.elementor-widget-spacer>.elementor-widget-container>.elementor-spacer,.e-con>.elementor-widget-spacer>.elementor-widget-container>.elementor-spacer{height:100%}.e-con-inner>.elementor-widget-spacer>.elementor-widget-container>.elementor-spacer>.elementor-spacer-inner,.e-con>.elementor-widget-spacer>.elementor-widget-container>.elementor-spacer>.elementor-spacer-inner{height:var(--container-widget-height,var(--spacer-size))}.e-con-inner>.elementor-widget-spacer.elementor-widget-empty,.e-con>.elementor-widget-spacer.elementor-widget-empty{position:relative;min-height:22px;min-width:22px}.e-con-inner>.elementor-widget-spacer.elementor-widget-empty .elementor-widget-empty-icon,.e-con>.elementor-widget-spacer.elementor-widget-empty .elementor-widget-empty-icon{position:absolute;top:0;bottom:0;left:0;right:0;margin:auto;padding:0;width:22px;height:22px}<\/style>\t\t<div class=\"elementor-spacer\">\n\t\t\t<div class=\"elementor-spacer-inner\"><\/div>\n\t\t<\/div>\n\t\t\t\t<\/div>\n\t\t\t\t<\/div>\n\t\t\t\t<div class=\"elementor-element elementor-element-87f294d elementor-widget elementor-widget-text-editor\" data-id=\"87f294d\" data-element_type=\"widget\" data-widget_type=\"text-editor.default\">\n\t\t\t\t<div class=\"elementor-widget-container\">\n\t\t\t\t\t\t\t<p><b>2. Przelew tradycyjny<\/b><\/p>\t\t\t\t\t\t<\/div>\n\t\t\t\t<\/div>\n\t\t\t\t<div class=\"elementor-element elementor-element-28b03d7 elementor-widget elementor-widget-text-editor\" data-id=\"28b03d7\" data-element_type=\"widget\" data-widget_type=\"text-editor.default\">\n\t\t\t\t<div class=\"elementor-widget-container\">\n\t\t\t\t\t\t\t<p><strong>Odbiorca:<\/strong><\/p><p>Fundacja Rozwoju M\u0142odego Pokolenia<br \/>ul. Opolska 62<br \/>46-061 Zimnice Wielkie<br \/>NIP 734 356 88 09<br \/><br \/><\/p><p><strong>Numer konta:<\/strong><br \/>16 1020 3668 0000 5802 0621 2528<br \/>(Bank: PKO BP S.A.)<br \/><br \/><\/p><p><strong>Tytu\u0142 wp\u0142aty:<br \/><\/strong>Darowizna &#8211; M\u0142ode Pokolenie<\/p>\t\t\t\t\t\t<\/div>\n\t\t\t\t<\/div>\n\t\t\t\t<\/div>\n\t\t\t\t\t<\/div>\n\t\t\t\t<\/div>\n\t\t<div class=\"elementor-element elementor-element-4fb8561 e-flex e-con-boxed wpr-particle-no wpr-jarallax-no wpr-parallax-no wpr-sticky-section-no e-con e-parent\" data-id=\"4fb8561\" data-element_type=\"container\" data-settings=\"{&quot;background_background&quot;:&quot;classic&quot;}\">\n\t\t\t\t\t<div class=\"e-con-inner\">\n\t\t<div class=\"elementor-element elementor-element-8827d98 e-con-full e-flex wpr-particle-no wpr-jarallax-no wpr-parallax-no wpr-sticky-section-no e-con e-child\" data-id=\"8827d98\" data-element_type=\"container\">\n\t\t\t\t<div class=\"elementor-element elementor-element-e946863 elementor-widget elementor-widget-text-editor\" data-id=\"e946863\" data-element_type=\"widget\" data-widget_type=\"text-editor.default\">\n\t\t\t\t<div class=\"elementor-widget-container\">\n\t\t\t\t\t\t\t<b>3. Patronite<\/b>\t\t\t\t\t\t<\/div>\n\t\t\t\t<\/div>\n\t\t\t\t<div class=\"elementor-element elementor-element-ad5a668 elementor-widget elementor-widget-text-editor\" data-id=\"ad5a668\" data-element_type=\"widget\" data-widget_type=\"text-editor.default\">\n\t\t\t\t<div class=\"elementor-widget-container\">\n\t\t\t\t\t\t\t<p><b>Zosta\u0144 naszym sta\u0142ym Darczy\u0144c\u0105 lub wesprzyj konkretn\u0105 Zbi\u00f3rk\u0119!<\/b><\/p>\t\t\t\t\t\t<\/div>\n\t\t\t\t<\/div>\n\t\t\t\t<div class=\"elementor-element elementor-element-06dd094 elementor-widget elementor-widget-image\" data-id=\"06dd094\" data-element_type=\"widget\" data-widget_type=\"image.default\">\n\t\t\t\t<div class=\"elementor-widget-container\">\n\t\t\t\t\t\t\t\t\t\t\t\t\t\t<a href=\"https:\/\/patronite.pl\/wspierammlodepokolenie\" target=\"_blank\">\n\t\t\t\t\t\t\t<img decoding=\"async\" width=\"1024\" height=\"1024\" src=\"https:\/\/mlodepokolenie.pl\/wp-content\/uploads\/2026\/02\/kwadrat-13-1024x1024.png\" class=\"attachment-large size-large wp-image-7285\" alt=\"\" srcset=\"https:\/\/mlodepokolenie.pl\/wp-content\/uploads\/2026\/02\/kwadrat-13-1024x1024.png 1024w, https:\/\/mlodepokolenie.pl\/wp-content\/uploads\/2026\/02\/kwadrat-13-300x300.png 300w, https:\/\/mlodepokolenie.pl\/wp-content\/uploads\/2026\/02\/kwadrat-13-150x150.png 150w, https:\/\/mlodepokolenie.pl\/wp-content\/uploads\/2026\/02\/kwadrat-13-768x768.png 768w, https:\/\/mlodepokolenie.pl\/wp-content\/uploads\/2026\/02\/kwadrat-13-12x12.png 12w, https:\/\/mlodepokolenie.pl\/wp-content\/uploads\/2026\/02\/kwadrat-13.png 1500w\" sizes=\"(max-width: 1024px) 100vw, 1024px\" \/>\t\t\t\t\t\t\t\t<\/a>\n\t\t\t\t\t\t\t\t\t\t\t\t\t<\/div>\n\t\t\t\t<\/div>\n\t\t\t\t<\/div>\n\t\t<div class=\"elementor-element elementor-element-7e894f7 e-con-full e-flex wpr-particle-no wpr-jarallax-no wpr-parallax-no wpr-sticky-section-no e-con e-child\" data-id=\"7e894f7\" data-element_type=\"container\">\n\t\t\t\t<div class=\"elementor-element elementor-element-4dbd187 elementor-widget elementor-widget-text-editor\" data-id=\"4dbd187\" data-element_type=\"widget\" data-widget_type=\"text-editor.default\">\n\t\t\t\t<div class=\"elementor-widget-container\">\n\t\t\t\t\t\t\t<b>4. Suppi<\/b>\t\t\t\t\t\t<\/div>\n\t\t\t\t<\/div>\n\t\t\t\t<div class=\"elementor-element elementor-element-bb8ee9d elementor-widget elementor-widget-text-editor\" data-id=\"bb8ee9d\" data-element_type=\"widget\" data-widget_type=\"text-editor.default\">\n\t\t\t\t<div class=\"elementor-widget-container\">\n\t\t\t\t\t\t\t<p><b>Postaw nam &#8222;kaw\u0119&#8221; z 0% prowizji!<\/b><\/p>\t\t\t\t\t\t<\/div>\n\t\t\t\t<\/div>\n\t\t\t\t<div class=\"elementor-element elementor-element-81bdaa0 elementor-widget elementor-widget-image\" data-id=\"81bdaa0\" data-element_type=\"widget\" data-widget_type=\"image.default\">\n\t\t\t\t<div class=\"elementor-widget-container\">\n\t\t\t\t\t\t\t\t\t\t\t\t\t\t<a href=\"https:\/\/suppi.pl\/wspierammlodepokolenie\" target=\"_blank\">\n\t\t\t\t\t\t\t<img decoding=\"async\" width=\"1024\" height=\"1024\" src=\"https:\/\/mlodepokolenie.pl\/wp-content\/uploads\/2026\/02\/suppi-BLANK-1-1024x1024.png\" class=\"attachment-large size-large wp-image-7284\" alt=\"\" srcset=\"https:\/\/mlodepokolenie.pl\/wp-content\/uploads\/2026\/02\/suppi-BLANK-1-1024x1024.png 1024w, https:\/\/mlodepokolenie.pl\/wp-content\/uploads\/2026\/02\/suppi-BLANK-1-300x300.png 300w, https:\/\/mlodepokolenie.pl\/wp-content\/uploads\/2026\/02\/suppi-BLANK-1-150x150.png 150w, https:\/\/mlodepokolenie.pl\/wp-content\/uploads\/2026\/02\/suppi-BLANK-1-768x768.png 768w, https:\/\/mlodepokolenie.pl\/wp-content\/uploads\/2026\/02\/suppi-BLANK-1-12x12.png 12w, https:\/\/mlodepokolenie.pl\/wp-content\/uploads\/2026\/02\/suppi-BLANK-1.png 1080w\" sizes=\"(max-width: 1024px) 100vw, 1024px\" \/>\t\t\t\t\t\t\t\t<\/a>\n\t\t\t\t\t\t\t\t\t\t\t\t\t<\/div>\n\t\t\t\t<\/div>\n\t\t\t\t<\/div>\n\t\t\t\t\t<\/div>\n\t\t\t\t<\/div>\n\t\t\t\t<\/div>\n\t\t","protected":false},"excerpt":{"rendered":"<p>Wesprzyj nas Razem z nami pomagaj polskiej m\u0142odzie\u017cy i\u00a0wsp\u00f3lnie tw\u00f3rzmy nowoczesne spo\u0142ecze\u0144stwo \u2013 pe\u0142ne pasji, rado\u015bci \u017cycia i&nbsp;wolne od uzale\u017cnie\u0144. Wesprzyj nas za pomoc\u0105 szybkiej, prostej i\u00a0bezpiecznej darowizny internetowej.\u00a0 1. Przelew internetowy 2. Przelew tradycyjny Odbiorca: Fundacja Rozwoju M\u0142odego Pokoleniaul. Opolska 6246-061 Zimnice WielkieNIP 734 356 88 09 Numer konta:16 1020 3668 0000 5802 0621 2528(Bank: PKO BP S.A.) Tytu\u0142 wp\u0142aty:Darowizna &#8211; M\u0142ode Pokolenie 3. Patronite Zosta\u0144 naszym sta\u0142ym Darczy\u0144c\u0105 lub wesprzyj konkretn\u0105 Zbi\u00f3rk\u0119! 4. Suppi Postaw nam &#8222;kaw\u0119&#8221; z 0% prowizji!<\/p>","protected":false},"author":1,"featured_media":0,"parent":0,"menu_order":0,"comment_status":"closed","ping_status":"closed","template":"","meta":{"site-sidebar-layout":"no-sidebar","site-content-layout":"page-builder","ast-site-content-layout":"default","site-content-style":"default","site-sidebar-style":"default","ast-global-header-display":"","ast-banner-title-visibility":"","ast-main-header-display":"","ast-hfb-above-header-display":"","ast-hfb-below-header-display":"","ast-hfb-mobile-header-display":"","site-post-title":"disabled","ast-breadcrumbs-content":"","ast-featured-img":"disabled","footer-sml-layout":"","ast-disable-related-posts":"","theme-transparent-header-meta":"","adv-header-id-meta":"","stick-header-meta":"","header-above-stick-meta":"","header-main-stick-meta":"","header-below-stick-meta":"","astra-migrate-meta-layouts":"default","ast-page-background-enabled":"default","ast-page-background-meta":{"desktop":{"background-color":"var(--ast-global-color-4)","background-image":"","background-repeat":"repeat","background-position":"center center","background-size":"auto","background-attachment":"scroll","background-type":"","background-media":"","overlay-type":"","overlay-color":"","overlay-opacity":"","overlay-gradient":""},"tablet":{"background-color":"","background-image":"","background-repeat":"repeat","background-position":"center center","background-size":"auto","background-attachment":"scroll","background-type":"","background-media":"","overlay-type":"","overlay-color":"","overlay-opacity":"","overlay-gradient":""},"mobile":{"background-color":"","background-image":"","background-repeat":"repeat","background-position":"center center","background-size":"auto","background-attachment":"scroll","background-type":"","background-media":"","overlay-type":"","overlay-color":"","overlay-opacity":"","overlay-gradient":""}},"ast-content-background-meta":{"desktop":{"background-color":"var(--ast-global-color-5)","background-image":"","background-repeat":"repeat","background-position":"center center","background-size":"auto","background-attachment":"scroll","background-type":"","background-media":"","overlay-type":"","overlay-color":"","overlay-opacity":"","overlay-gradient":""},"tablet":{"background-color":"var(--ast-global-color-5)","background-image":"","background-repeat":"repeat","background-position":"center center","background-size":"auto","background-attachment":"scroll","background-type":"","background-media":"","overlay-type":"","overlay-color":"","overlay-opacity":"","overlay-gradient":""},"mobile":{"background-color":"var(--ast-global-color-5)","background-image":"","background-repeat":"repeat","background-position":"center center","background-size":"auto","background-attachment":"scroll","background-type":"","background-media":"","overlay-type":"","overlay-color":"","overlay-opacity":"","overlay-gradient":""}},"footnotes":""},"class_list":["post-2627","page","type-page","status-publish","hentry"],"_links":{"self":[{"href":"https:\/\/mlodepokolenie.pl\/en\/wp-json\/wp\/v2\/pages\/2627","targetHints":{"allow":["GET"]}}],"collection":[{"href":"https:\/\/mlodepokolenie.pl\/en\/wp-json\/wp\/v2\/pages"}],"about":[{"href":"https:\/\/mlodepokolenie.pl\/en\/wp-json\/wp\/v2\/types\/page"}],"author":[{"embeddable":true,"href":"https:\/\/mlodepokolenie.pl\/en\/wp-json\/wp\/v2\/users\/1"}],"replies":[{"embeddable":true,"href":"https:\/\/mlodepokolenie.pl\/en\/wp-json\/wp\/v2\/comments?post=2627"}],"version-history":[{"count":133,"href":"https:\/\/mlodepokolenie.pl\/en\/wp-json\/wp\/v2\/pages\/2627\/revisions"}],"predecessor-version":[{"id":8030,"href":"https:\/\/mlodepokolenie.pl\/en\/wp-json\/wp\/v2\/pages\/2627\/revisions\/8030"}],"wp:attachment":[{"href":"https:\/\/mlodepokolenie.pl\/en\/wp-json\/wp\/v2\/media?parent=2627"}],"curies":[{"name":"wp","href":"https:\/\/api.w.org\/{rel}","templated":true}]}}