{"id":2299,"date":"2023-07-29T11:43:48","date_gmt":"2023-07-29T11:43:48","guid":{"rendered":"http:\/\/mlodepokolenie.pl\/?page_id=2299"},"modified":"2024-12-30T11:17:07","modified_gmt":"2024-12-30T11:17:07","slug":"programy","status":"publish","type":"page","link":"https:\/\/mlodepokolenie.pl\/en\/programy\/","title":{"rendered":"Programs"},"content":{"rendered":"\t\t<div data-elementor-type=\"wp-page\" data-elementor-id=\"2299\" class=\"elementor elementor-2299\" data-elementor-post-type=\"page\">\n\t\t\t\t<div class=\"elementor-element elementor-element-2d1321f e-flex e-con-boxed wpr-particle-no wpr-jarallax-no wpr-parallax-no wpr-sticky-section-no e-con e-parent\" data-id=\"2d1321f\" data-element_type=\"container\">\n\t\t\t\t\t<div class=\"e-con-inner\">\n\t\t<div class=\"elementor-element elementor-element-209803c e-con-full e-flex wpr-particle-no wpr-jarallax-no wpr-parallax-no wpr-sticky-section-no e-con e-child\" data-id=\"209803c\" data-element_type=\"container\">\n\t\t\t\t<\/div>\n\t\t\t\t<div class=\"elementor-element elementor-element-e236e20 elementor-widget elementor-widget-text-editor\" data-id=\"e236e20\" data-element_type=\"widget\" data-widget_type=\"text-editor.default\">\n\t\t\t\t<div class=\"elementor-widget-container\">\n\t\t\t<style>\/*! elementor - v3.23.0 - 23-07-2024 *\/\n.elementor-widget-text-editor.elementor-drop-cap-view-stacked .elementor-drop-cap{background-color:#69727d;color:#fff}.elementor-widget-text-editor.elementor-drop-cap-view-framed .elementor-drop-cap{color:#69727d;border:3px solid;background-color:transparent}.elementor-widget-text-editor:not(.elementor-drop-cap-view-default) .elementor-drop-cap{margin-top:8px}.elementor-widget-text-editor:not(.elementor-drop-cap-view-default) .elementor-drop-cap-letter{width:1em;height:1em}.elementor-widget-text-editor .elementor-drop-cap{float:left;text-align:center;line-height:1;font-size:50px}.elementor-widget-text-editor .elementor-drop-cap-letter{display:inline-block}<\/style>\t\t\t\t<p>Fundacja ch\u0119tnie anga\u017cuje si\u0119 w szeroki wachlarz program\u00f3w profilaktycznych dla dzieci i m\u0142odzie\u017cy. W\u015br\u00f3d nich warto wymieni\u0107:<\/p>\t\t\t\t\t\t<\/div>\n\t\t\t\t<\/div>\n\t\t\t\t\t<\/div>\n\t\t\t\t<\/div>\n\t\t<div class=\"elementor-element elementor-element-8a19135 e-flex e-con-boxed wpr-particle-no wpr-jarallax-no wpr-parallax-no wpr-sticky-section-no e-con e-parent\" data-id=\"8a19135\" data-element_type=\"container\">\n\t\t\t\t\t<div class=\"e-con-inner\">\n\t\t<div class=\"elementor-element elementor-element-a87b587 e-con-full e-flex wpr-particle-no wpr-jarallax-no wpr-parallax-no wpr-sticky-section-no e-con e-child\" data-id=\"a87b587\" data-element_type=\"container\">\n\t\t\t\t<div class=\"elementor-element elementor-element-cf83fc8 elementor-widget elementor-widget-image\" data-id=\"cf83fc8\" data-element_type=\"widget\" data-widget_type=\"image.default\">\n\t\t\t\t<div class=\"elementor-widget-container\">\n\t\t\t<style>\/*! elementor - v3.23.0 - 23-07-2024 *\/\n.elementor-widget-image{text-align:center}.elementor-widget-image a{display:inline-block}.elementor-widget-image a img[src$=\".svg\"]{width:48px}.elementor-widget-image img{vertical-align:middle;display:inline-block}<\/style>\t\t\t\t\t\t\t\t\t\t\t<a href=\"https:\/\/www.programsmartskills.pl\">\n\t\t\t\t\t\t\t<img fetchpriority=\"high\" decoding=\"async\" width=\"284\" height=\"273\" src=\"https:\/\/mlodepokolenie.pl\/wp-content\/uploads\/2024\/10\/Projekt-bez-nazwy-6.png\" class=\"attachment-medium size-medium wp-image-4082\" alt=\"\" \/>\t\t\t\t\t\t\t\t<\/a>\n\t\t\t\t\t\t\t\t\t\t\t\t\t<\/div>\n\t\t\t\t<\/div>\n\t\t\t\t<\/div>\n\t\t<div class=\"elementor-element elementor-element-5a1b0c4 e-con-full e-flex wpr-particle-no wpr-jarallax-no wpr-parallax-no wpr-sticky-section-no e-con e-child\" data-id=\"5a1b0c4\" data-element_type=\"container\">\n\t\t<div class=\"elementor-element elementor-element-98c7053 e-con-full e-flex wpr-particle-no wpr-jarallax-no wpr-parallax-no wpr-sticky-section-no e-con e-child\" data-id=\"98c7053\" data-element_type=\"container\">\n\t\t\t\t<div class=\"elementor-element elementor-element-1385f28 elementor-widget elementor-widget-text-editor\" data-id=\"1385f28\" data-element_type=\"widget\" data-widget_type=\"text-editor.default\">\n\t\t\t\t<div class=\"elementor-widget-container\">\n\t\t\t\t\t\t\t<p>stanowi ochron\u0119 dzieci i m\u0142odzie\u017cy przed rozpowszechnionym dzi\u015b w tej grupie wiekowej kryzysem zdrowia psychicznego<\/p><p>\u00a0<\/p>\t\t\t\t\t\t<\/div>\n\t\t\t\t<\/div>\n\t\t\t\t<\/div>\n\t\t<div class=\"elementor-element elementor-element-5fcd82e e-con-full e-flex wpr-particle-no wpr-jarallax-no wpr-parallax-no wpr-sticky-section-no e-con e-child\" data-id=\"5fcd82e\" data-element_type=\"container\">\n\t\t\t\t<div class=\"elementor-element elementor-element-e9f7d1b elementor-widget elementor-widget-button\" data-id=\"e9f7d1b\" data-element_type=\"widget\" data-widget_type=\"button.default\">\n\t\t\t\t<div class=\"elementor-widget-container\">\n\t\t\t\t\t<div class=\"elementor-button-wrapper\">\n\t\t\t<a class=\"elementor-button elementor-button-link elementor-size-sm\" href=\"https:\/\/www.programsmartskills.pl\">\n\t\t\t\t\t\t<span class=\"elementor-button-content-wrapper\">\n\t\t\t\t\t\t\t\t\t<span class=\"elementor-button-text\">Dowiedz si\u0119 wi\u0119cej o tym programie<\/span>\n\t\t\t\t\t<\/span>\n\t\t\t\t\t<\/a>\n\t\t<\/div>\n\t\t\t\t<\/div>\n\t\t\t\t<\/div>\n\t\t\t\t<\/div>\n\t\t\t\t<\/div>\n\t\t\t\t\t<\/div>\n\t\t\t\t<\/div>\n\t\t<div class=\"elementor-element elementor-element-42b5ced e-flex e-con-boxed wpr-particle-no wpr-jarallax-no wpr-parallax-no wpr-sticky-section-no e-con e-parent\" data-id=\"42b5ced\" data-element_type=\"container\">\n\t\t\t\t\t<div class=\"e-con-inner\">\n\t\t<div class=\"elementor-element elementor-element-2b9ab7c e-con-full e-flex wpr-particle-no wpr-jarallax-no wpr-parallax-no wpr-sticky-section-no e-con e-child\" data-id=\"2b9ab7c\" data-element_type=\"container\">\n\t\t\t\t<div class=\"elementor-element elementor-element-140c5d8 elementor-widget elementor-widget-image\" data-id=\"140c5d8\" data-element_type=\"widget\" data-widget_type=\"image.default\">\n\t\t\t\t<div class=\"elementor-widget-container\">\n\t\t\t\t\t\t\t\t\t\t\t\t\t\t<a href=\"https:\/\/www.rozwojiprofilaktyka.pl\">\n\t\t\t\t\t\t\t<img decoding=\"async\" width=\"284\" height=\"273\" src=\"https:\/\/mlodepokolenie.pl\/wp-content\/uploads\/2023\/07\/Group-26.png\" class=\"attachment-medium size-medium wp-image-2204\" alt=\"\" \/>\t\t\t\t\t\t\t\t<\/a>\n\t\t\t\t\t\t\t\t\t\t\t\t\t<\/div>\n\t\t\t\t<\/div>\n\t\t\t\t<\/div>\n\t\t<div class=\"elementor-element elementor-element-cb45f80 e-con-full e-flex wpr-particle-no wpr-jarallax-no wpr-parallax-no wpr-sticky-section-no e-con e-child\" data-id=\"cb45f80\" data-element_type=\"container\">\n\t\t<div class=\"elementor-element elementor-element-7a01322 e-con-full e-flex wpr-particle-no wpr-jarallax-no wpr-parallax-no wpr-sticky-section-no e-con e-child\" data-id=\"7a01322\" data-element_type=\"container\">\n\t\t\t\t<div class=\"elementor-element elementor-element-49c287e elementor-widget elementor-widget-text-editor\" data-id=\"49c287e\" data-element_type=\"widget\" data-widget_type=\"text-editor.default\">\n\t\t\t\t<div class=\"elementor-widget-container\">\n\t\t\t\t\t\t\t<p>czyli Think Tank po\u015bwi\u0119cony zdrowiu psychicznemu dzieci i m\u0142odzie\u017cy<\/p><p>\u00a0<\/p><p>\u00a0<\/p>\t\t\t\t\t\t<\/div>\n\t\t\t\t<\/div>\n\t\t\t\t<\/div>\n\t\t<div class=\"elementor-element elementor-element-b9ab37e e-con-full e-flex wpr-particle-no wpr-jarallax-no wpr-parallax-no wpr-sticky-section-no e-con e-child\" data-id=\"b9ab37e\" data-element_type=\"container\">\n\t\t\t\t<div class=\"elementor-element elementor-element-a88a2e3 elementor-widget elementor-widget-button\" data-id=\"a88a2e3\" data-element_type=\"widget\" data-widget_type=\"button.default\">\n\t\t\t\t<div class=\"elementor-widget-container\">\n\t\t\t\t\t<div class=\"elementor-button-wrapper\">\n\t\t\t<a class=\"elementor-button elementor-button-link elementor-size-sm\" href=\"https:\/\/www.rozwojiprofilaktyka.pl\">\n\t\t\t\t\t\t<span class=\"elementor-button-content-wrapper\">\n\t\t\t\t\t\t\t\t\t<span class=\"elementor-button-text\">Dowiedz si\u0119 wi\u0119cej o tym programie<\/span>\n\t\t\t\t\t<\/span>\n\t\t\t\t\t<\/a>\n\t\t<\/div>\n\t\t\t\t<\/div>\n\t\t\t\t<\/div>\n\t\t\t\t<\/div>\n\t\t\t\t<\/div>\n\t\t\t\t\t<\/div>\n\t\t\t\t<\/div>\n\t\t<div class=\"elementor-element elementor-element-a626491 e-flex e-con-boxed wpr-particle-no wpr-jarallax-no wpr-parallax-no wpr-sticky-section-no e-con e-parent\" data-id=\"a626491\" data-element_type=\"container\">\n\t\t\t\t\t<div class=\"e-con-inner\">\n\t\t<div class=\"elementor-element elementor-element-37ec9fd e-con-full e-flex wpr-particle-no wpr-jarallax-no wpr-parallax-no wpr-sticky-section-no e-con e-child\" data-id=\"37ec9fd\" data-element_type=\"container\">\n\t\t\t\t<div class=\"elementor-element elementor-element-a24e71f elementor-widget elementor-widget-image\" data-id=\"a24e71f\" data-element_type=\"widget\" data-widget_type=\"image.default\">\n\t\t\t\t<div class=\"elementor-widget-container\">\n\t\t\t\t\t\t\t\t\t\t\t\t\t\t<a href=\"https:\/\/dobrytemat.pl\">\n\t\t\t\t\t\t\t<img decoding=\"async\" width=\"284\" height=\"273\" src=\"https:\/\/mlodepokolenie.pl\/wp-content\/uploads\/2023\/07\/Group-25.png\" class=\"attachment-medium size-medium wp-image-2205\" alt=\"\" \/>\t\t\t\t\t\t\t\t<\/a>\n\t\t\t\t\t\t\t\t\t\t\t\t\t<\/div>\n\t\t\t\t<\/div>\n\t\t\t\t<\/div>\n\t\t<div class=\"elementor-element elementor-element-4f36e65 e-con-full e-flex wpr-particle-no wpr-jarallax-no wpr-parallax-no wpr-sticky-section-no e-con e-child\" data-id=\"4f36e65\" data-element_type=\"container\">\n\t\t<div class=\"elementor-element elementor-element-55e7cff e-con-full e-flex wpr-particle-no wpr-jarallax-no wpr-parallax-no wpr-sticky-section-no e-con e-child\" data-id=\"55e7cff\" data-element_type=\"container\">\n\t\t\t\t<div class=\"elementor-element elementor-element-9c53bf8 elementor-widget elementor-widget-text-editor\" data-id=\"9c53bf8\" data-element_type=\"widget\" data-widget_type=\"text-editor.default\">\n\t\t\t\t<div class=\"elementor-widget-container\">\n\t\t\t\t\t\t\t<p>techniczne wsparcie spotka\u0144 online realizowanych przez Fundacj\u0119 \u201eWyp\u0142y\u0144 na G\u0142\u0119bi\u0119\u201d, skierowanych do rodzic\u00f3w nastolatk\u00f3w i nauczycieli szk\u00f3\u0142 ponadpodstawowych<\/p><p>\u00a0<\/p>\t\t\t\t\t\t<\/div>\n\t\t\t\t<\/div>\n\t\t\t\t<\/div>\n\t\t<div class=\"elementor-element elementor-element-4e1b7cb e-con-full e-flex wpr-particle-no wpr-jarallax-no wpr-parallax-no wpr-sticky-section-no e-con e-child\" data-id=\"4e1b7cb\" data-element_type=\"container\">\n\t\t\t\t<div class=\"elementor-element elementor-element-9d536dc elementor-widget elementor-widget-button\" data-id=\"9d536dc\" data-element_type=\"widget\" data-widget_type=\"button.default\">\n\t\t\t\t<div class=\"elementor-widget-container\">\n\t\t\t\t\t<div class=\"elementor-button-wrapper\">\n\t\t\t<a class=\"elementor-button elementor-button-link elementor-size-sm\" href=\"https:\/\/dobrytemat.pl\">\n\t\t\t\t\t\t<span class=\"elementor-button-content-wrapper\">\n\t\t\t\t\t\t\t\t\t<span class=\"elementor-button-text\">Dowiedz si\u0119 wi\u0119cej o tym programie<\/span>\n\t\t\t\t\t<\/span>\n\t\t\t\t\t<\/a>\n\t\t<\/div>\n\t\t\t\t<\/div>\n\t\t\t\t<\/div>\n\t\t\t\t<\/div>\n\t\t\t\t<\/div>\n\t\t\t\t\t<\/div>\n\t\t\t\t<\/div>\n\t\t<div class=\"elementor-element elementor-element-6d5fef5 e-flex e-con-boxed wpr-particle-no wpr-jarallax-no wpr-parallax-no wpr-sticky-section-no e-con e-parent\" data-id=\"6d5fef5\" data-element_type=\"container\">\n\t\t\t\t\t<div class=\"e-con-inner\">\n\t\t<div class=\"elementor-element elementor-element-c955616 e-con-full e-flex wpr-particle-no wpr-jarallax-no wpr-parallax-no wpr-sticky-section-no e-con e-child\" data-id=\"c955616\" data-element_type=\"container\">\n\t\t\t\t<div class=\"elementor-element elementor-element-c64c9ee elementor-widget elementor-widget-image\" data-id=\"c64c9ee\" data-element_type=\"widget\" data-widget_type=\"image.default\">\n\t\t\t\t<div class=\"elementor-widget-container\">\n\t\t\t\t\t\t\t\t\t\t\t\t\t\t<a href=\"https:\/\/talentyprzyszlosci.pl\">\n\t\t\t\t\t\t\t<img loading=\"lazy\" decoding=\"async\" width=\"283\" height=\"273\" src=\"https:\/\/mlodepokolenie.pl\/wp-content\/uploads\/2024\/12\/Projekt-bez-nazwy-e1735752381664.png\" class=\"attachment-medium size-medium wp-image-4535\" alt=\"\" \/>\t\t\t\t\t\t\t\t<\/a>\n\t\t\t\t\t\t\t\t\t\t\t\t\t<\/div>\n\t\t\t\t<\/div>\n\t\t\t\t<\/div>\n\t\t<div class=\"elementor-element elementor-element-d952c54 e-con-full e-flex wpr-particle-no wpr-jarallax-no wpr-parallax-no wpr-sticky-section-no e-con e-child\" data-id=\"d952c54\" data-element_type=\"container\">\n\t\t<div class=\"elementor-element elementor-element-d500208 e-con-full e-flex wpr-particle-no wpr-jarallax-no wpr-parallax-no wpr-sticky-section-no e-con e-child\" data-id=\"d500208\" data-element_type=\"container\">\n\t\t\t\t<div class=\"elementor-element elementor-element-57d5386 elementor-widget elementor-widget-text-editor\" data-id=\"57d5386\" data-element_type=\"widget\" data-widget_type=\"text-editor.default\">\n\t\t\t\t<div class=\"elementor-widget-container\">\n\t\t\t\t\t\t\t<p>program u\u015bwiadamia nauczycielom w jaki spos\u00f3b we w\u0142asnym zakresie mog\u0105 wspiera\u0107 m\u0142odego cz\u0142owieka w wyborze \u015bcie\u017cki \u017cycia i rozwoju.<\/p>\t\t\t\t\t\t<\/div>\n\t\t\t\t<\/div>\n\t\t\t\t<\/div>\n\t\t<div class=\"elementor-element elementor-element-1c7dabd e-con-full e-flex wpr-particle-no wpr-jarallax-no wpr-parallax-no wpr-sticky-section-no e-con e-child\" data-id=\"1c7dabd\" data-element_type=\"container\">\n\t\t\t\t<div class=\"elementor-element elementor-element-017aec9 elementor-widget elementor-widget-button\" data-id=\"017aec9\" data-element_type=\"widget\" data-widget_type=\"button.default\">\n\t\t\t\t<div class=\"elementor-widget-container\">\n\t\t\t\t\t<div class=\"elementor-button-wrapper\">\n\t\t\t<a class=\"elementor-button elementor-button-link elementor-size-sm\" href=\"https:\/\/talentyprzyszlosci.pl\">\n\t\t\t\t\t\t<span class=\"elementor-button-content-wrapper\">\n\t\t\t\t\t\t\t\t\t<span class=\"elementor-button-text\">Dowiedz si\u0119 wi\u0119cej o tym programie<\/span>\n\t\t\t\t\t<\/span>\n\t\t\t\t\t<\/a>\n\t\t<\/div>\n\t\t\t\t<\/div>\n\t\t\t\t<\/div>\n\t\t\t\t<\/div>\n\t\t\t\t<\/div>\n\t\t\t\t\t<\/div>\n\t\t\t\t<\/div>\n\t\t<div class=\"elementor-element elementor-element-6ded45f e-flex e-con-boxed wpr-particle-no wpr-jarallax-no wpr-parallax-no wpr-sticky-section-no e-con e-parent\" data-id=\"6ded45f\" data-element_type=\"container\">\n\t\t\t\t\t<div class=\"e-con-inner\">\n\t\t<div class=\"elementor-element elementor-element-258a5a3 e-con-full e-flex wpr-particle-no wpr-jarallax-no wpr-parallax-no wpr-sticky-section-no e-con e-child\" data-id=\"258a5a3\" data-element_type=\"container\">\n\t\t\t\t<div class=\"elementor-element elementor-element-afd5f96 elementor-widget elementor-widget-image\" data-id=\"afd5f96\" data-element_type=\"widget\" data-widget_type=\"image.default\">\n\t\t\t\t<div class=\"elementor-widget-container\">\n\t\t\t\t\t\t\t\t\t\t\t\t\t\t<a href=\"https:\/\/www.youtube.com\/@MlodePokolenie\">\n\t\t\t\t\t\t\t<img loading=\"lazy\" decoding=\"async\" width=\"284\" height=\"273\" src=\"https:\/\/mlodepokolenie.pl\/wp-content\/uploads\/2024\/03\/Projekt-bez-nazwy-25.png\" class=\"attachment-medium size-medium wp-image-2958\" alt=\"\" \/>\t\t\t\t\t\t\t\t<\/a>\n\t\t\t\t\t\t\t\t\t\t\t\t\t<\/div>\n\t\t\t\t<\/div>\n\t\t\t\t<\/div>\n\t\t<div class=\"elementor-element elementor-element-4d0d9d0 e-con-full e-flex wpr-particle-no wpr-jarallax-no wpr-parallax-no wpr-sticky-section-no e-con e-child\" data-id=\"4d0d9d0\" data-element_type=\"container\">\n\t\t<div class=\"elementor-element elementor-element-ce5e32c e-con-full e-flex wpr-particle-no wpr-jarallax-no wpr-parallax-no wpr-sticky-section-no e-con e-child\" data-id=\"ce5e32c\" data-element_type=\"container\">\n\t\t\t\t<div class=\"elementor-element elementor-element-18ace22 elementor-widget elementor-widget-text-editor\" data-id=\"18ace22\" data-element_type=\"widget\" data-widget_type=\"text-editor.default\">\n\t\t\t\t<div class=\"elementor-widget-container\">\n\t\t\t\t\t\t\t<p>prowokuje do dyskusji na tematy nurtuj\u0105ce m\u0142ode pokolenie<\/p><p>\u00a0<\/p><p>\u00a0<\/p>\t\t\t\t\t\t<\/div>\n\t\t\t\t<\/div>\n\t\t\t\t<\/div>\n\t\t<div class=\"elementor-element elementor-element-3554dd1 e-con-full e-flex wpr-particle-no wpr-jarallax-no wpr-parallax-no wpr-sticky-section-no e-con e-child\" data-id=\"3554dd1\" data-element_type=\"container\">\n\t\t\t\t<div class=\"elementor-element elementor-element-59462ea elementor-widget elementor-widget-button\" data-id=\"59462ea\" data-element_type=\"widget\" data-widget_type=\"button.default\">\n\t\t\t\t<div class=\"elementor-widget-container\">\n\t\t\t\t\t<div class=\"elementor-button-wrapper\">\n\t\t\t<a class=\"elementor-button elementor-button-link elementor-size-sm\" href=\"https:\/\/www.youtube.com\/@MlodePokolenie\">\n\t\t\t\t\t\t<span class=\"elementor-button-content-wrapper\">\n\t\t\t\t\t\t\t\t\t<span class=\"elementor-button-text\">Dowiedz si\u0119 wi\u0119cej o tym programie<\/span>\n\t\t\t\t\t<\/span>\n\t\t\t\t\t<\/a>\n\t\t<\/div>\n\t\t\t\t<\/div>\n\t\t\t\t<\/div>\n\t\t\t\t<\/div>\n\t\t\t\t<\/div>\n\t\t\t\t\t<\/div>\n\t\t\t\t<\/div>\n\t\t\t\t<\/div>\n\t\t","protected":false},"excerpt":{"rendered":"<p>Fundacja ch\u0119tnie anga\u017cuje si\u0119 w szeroki wachlarz program\u00f3w profilaktycznych dla dzieci i m\u0142odzie\u017cy. W\u015br\u00f3d nich warto wymieni\u0107: stanowi ochron\u0119 dzieci i m\u0142odzie\u017cy przed rozpowszechnionym dzi\u015b w tej grupie wiekowej kryzysem zdrowia psychicznego \u00a0 Dowiedz si\u0119 wi\u0119cej o tym programie czyli Think Tank po\u015bwi\u0119cony zdrowiu psychicznemu dzieci i m\u0142odzie\u017cy \u00a0 \u00a0 Dowiedz si\u0119 wi\u0119cej o tym programie techniczne wsparcie spotka\u0144 online realizowanych przez Fundacj\u0119 \u201eWyp\u0142y\u0144 na G\u0142\u0119bi\u0119\u201d, skierowanych do rodzic\u00f3w nastolatk\u00f3w i nauczycieli szk\u00f3\u0142 ponadpodstawowych \u00a0 Dowiedz si\u0119 wi\u0119cej o tym programie program u\u015bwiadamia nauczycielom w jaki spos\u00f3b we w\u0142asnym zakresie mog\u0105 wspiera\u0107 m\u0142odego cz\u0142owieka w wyborze \u015bcie\u017cki \u017cycia i rozwoju. Dowiedz si\u0119 wi\u0119cej o tym programie prowokuje do dyskusji na tematy nurtuj\u0105ce m\u0142ode pokolenie \u00a0 \u00a0 Dowiedz si\u0119 wi\u0119cej o tym programie<\/p>","protected":false},"author":1,"featured_media":0,"parent":0,"menu_order":0,"comment_status":"closed","ping_status":"closed","template":"","meta":{"site-sidebar-layout":"no-sidebar","site-content-layout":"page-builder","ast-site-content-layout":"default","site-content-style":"default","site-sidebar-style":"default","ast-global-header-display":"","ast-banner-title-visibility":"","ast-main-header-display":"","ast-hfb-above-header-display":"","ast-hfb-below-header-display":"","ast-hfb-mobile-header-display":"","site-post-title":"disabled","ast-breadcrumbs-content":"","ast-featured-img":"disabled","footer-sml-layout":"","ast-disable-related-posts":"","theme-transparent-header-meta":"","adv-header-id-meta":"","stick-header-meta":"","header-above-stick-meta":"","header-main-stick-meta":"","header-below-stick-meta":"","astra-migrate-meta-layouts":"default","ast-page-background-enabled":"default","ast-page-background-meta":{"desktop":{"background-color":"var(--ast-global-color-4)","background-image":"","background-repeat":"repeat","background-position":"center center","background-size":"auto","background-attachment":"scroll","background-type":"","background-media":"","overlay-type":"","overlay-color":"","overlay-opacity":"","overlay-gradient":""},"tablet":{"background-color":"","background-image":"","background-repeat":"repeat","background-position":"center center","background-size":"auto","background-attachment":"scroll","background-type":"","background-media":"","overlay-type":"","overlay-color":"","overlay-opacity":"","overlay-gradient":""},"mobile":{"background-color":"","background-image":"","background-repeat":"repeat","background-position":"center center","background-size":"auto","background-attachment":"scroll","background-type":"","background-media":"","overlay-type":"","overlay-color":"","overlay-opacity":"","overlay-gradient":""}},"ast-content-background-meta":{"desktop":{"background-color":"var(--ast-global-color-5)","background-image":"","background-repeat":"repeat","background-position":"center center","background-size":"auto","background-attachment":"scroll","background-type":"","background-media":"","overlay-type":"","overlay-color":"","overlay-opacity":"","overlay-gradient":""},"tablet":{"background-color":"var(--ast-global-color-5)","background-image":"","background-repeat":"repeat","background-position":"center center","background-size":"auto","background-attachment":"scroll","background-type":"","background-media":"","overlay-type":"","overlay-color":"","overlay-opacity":"","overlay-gradient":""},"mobile":{"background-color":"var(--ast-global-color-5)","background-image":"","background-repeat":"repeat","background-position":"center center","background-size":"auto","background-attachment":"scroll","background-type":"","background-media":"","overlay-type":"","overlay-color":"","overlay-opacity":"","overlay-gradient":""}},"footnotes":""},"class_list":["post-2299","page","type-page","status-publish","hentry"],"_links":{"self":[{"href":"https:\/\/mlodepokolenie.pl\/en\/wp-json\/wp\/v2\/pages\/2299","targetHints":{"allow":["GET"]}}],"collection":[{"href":"https:\/\/mlodepokolenie.pl\/en\/wp-json\/wp\/v2\/pages"}],"about":[{"href":"https:\/\/mlodepokolenie.pl\/en\/wp-json\/wp\/v2\/types\/page"}],"author":[{"embeddable":true,"href":"https:\/\/mlodepokolenie.pl\/en\/wp-json\/wp\/v2\/users\/1"}],"replies":[{"embeddable":true,"href":"https:\/\/mlodepokolenie.pl\/en\/wp-json\/wp\/v2\/comments?post=2299"}],"version-history":[{"count":13,"href":"https:\/\/mlodepokolenie.pl\/en\/wp-json\/wp\/v2\/pages\/2299\/revisions"}],"predecessor-version":[{"id":4541,"href":"https:\/\/mlodepokolenie.pl\/en\/wp-json\/wp\/v2\/pages\/2299\/revisions\/4541"}],"wp:attachment":[{"href":"https:\/\/mlodepokolenie.pl\/en\/wp-json\/wp\/v2\/media?parent=2299"}],"curies":[{"name":"wp","href":"https:\/\/api.w.org\/{rel}","templated":true}]}}